{"id":9862,"date":"2024-09-17T17:23:52","date_gmt":"2024-09-17T17:23:52","guid":{"rendered":"https:\/\/wellnesshotelfiemme.com\/privacy-policy\/"},"modified":"2024-09-17T17:23:52","modified_gmt":"2024-09-17T17:23:52","slug":"privacy-policy","status":"publish","type":"page","link":"https:\/\/wellnesshotelfiemme.com\/de\/privacy-policy\/","title":{"rendered":"Privacy policy"},"content":{"rendered":"\t\t<div data-elementor-type=\"wp-page\" data-elementor-id=\"9862\" class=\"elementor elementor-9862 elementor-6833\" data-elementor-post-type=\"page\">\n\t\t\t\t<div class=\"elementor-element elementor-element-7b700af e-con-full e-flex e-con e-parent\" data-id=\"7b700af\" data-element_type=\"container\" data-e-type=\"container\" data-settings=\"{&quot;background_background&quot;:&quot;classic&quot;}\">\n\t\t<div class=\"elementor-element elementor-element-a0f4d68 e-con-full e-flex e-con e-child\" data-id=\"a0f4d68\" data-element_type=\"container\" data-e-type=\"container\" data-settings=\"{&quot;position&quot;:&quot;absolute&quot;}\">\n\t\t<div class=\"elementor-element elementor-element-b5239cd e-flex e-con-boxed e-con e-child\" data-id=\"b5239cd\" data-element_type=\"container\" data-e-type=\"container\">\n\t\t\t\t\t<div class=\"e-con-inner\">\n\t\t\t\t<div class=\"elementor-element elementor-element-23ba566 elementor-widget elementor-widget-theme-post-title elementor-page-title elementor-widget-heading\" data-id=\"23ba566\" data-element_type=\"widget\" data-e-type=\"widget\" data-widget_type=\"theme-post-title.default\">\n\t\t\t\t<div class=\"elementor-widget-container\">\n\t\t\t\t\t<h1 class=\"elementor-heading-title elementor-size-default\">Privacy policy<\/h1>\t\t\t\t<\/div>\n\t\t\t\t<\/div>\n\t\t\t\t\t<\/div>\n\t\t\t\t<\/div>\n\t\t\t\t<\/div>\n\t\t\t\t<\/div>\n\t\t<div class=\"elementor-element elementor-element-3bde8315 e-flex e-con-boxed e-con e-parent\" data-id=\"3bde8315\" data-element_type=\"container\" data-e-type=\"container\" data-settings=\"{&quot;background_background&quot;:&quot;classic&quot;}\">\n\t\t\t\t\t<div class=\"e-con-inner\">\n\t\t<div class=\"elementor-element elementor-element-6f019ea1 e-flex e-con-boxed e-con e-child\" data-id=\"6f019ea1\" data-element_type=\"container\" data-e-type=\"container\">\n\t\t\t\t\t<div class=\"e-con-inner\">\n\t\t<div class=\"elementor-element elementor-element-79a55b5 e-con-full e-flex e-con e-child\" data-id=\"79a55b5\" data-element_type=\"container\" data-e-type=\"container\">\n\t\t\t\t<div class=\"elementor-element elementor-element-5e4a6664 elementor-widget elementor-widget-heading\" data-id=\"5e4a6664\" data-element_type=\"widget\" data-e-type=\"widget\" data-widget_type=\"heading.default\">\n\t\t\t\t<div class=\"elementor-widget-container\">\n\t\t\t\t\t<h5 class=\"elementor-heading-title elementor-size-default\">La tua privacy \u00e8 importante<\/h5>\t\t\t\t<\/div>\n\t\t\t\t<\/div>\n\t\t\t\t<\/div>\n\t\t<div class=\"elementor-element elementor-element-702ccb24 e-con-full e-flex e-con e-child\" data-id=\"702ccb24\" data-element_type=\"container\" data-e-type=\"container\">\n\t\t\t\t<div class=\"elementor-element elementor-element-5c89fdb0 elementor-widget elementor-widget-text-editor\" data-id=\"5c89fdb0\" data-element_type=\"widget\" data-e-type=\"widget\" data-widget_type=\"text-editor.default\">\n\t\t\t\t<div class=\"elementor-widget-container\">\n\t\t\t\t\t\t\t\t\t<p>I dati personali dell\u2019utente sono utilizzati da HOTEL ERICA S.A.S., che ne e\u0300 titolare per il trattamento, nel rispetto dei principi di protezione dei dati personali stabiliti dal Regolamento GDPR 2016\/679.<\/p><h6>MODALITA\u0300 E FINALITA\u0300 DEL TRATTAMENTO DATI<\/h6><p>La informiamo che i dati verranno trattati attraverso il supporto di mezzi elettronici e cartacei, per le seguenti finalita\u0300:<\/p><ul><li>Gestione della clientela (contratti, ordini, spedizioni e fatture)<\/li><li>Adempimento di obblighi fiscali o contabili<\/li><li>Attivita\u0300 promozionali<\/li><li>Attivita\u0300 turistiche e ricreative<\/li><li>Elaborazione, stampa, imbustamento e spedizione delle fatture<\/li><li>Erogazione dei servizi<\/li><li>Gestione del contenzioso (contratti, ordini, arrivi, fatture)<\/li><li>Rilevazioni del grado di soddisfazione della clientela<\/li><li>Servizi di controllo interno (della sicurezza, della produttivita\u0300, della qualita\u0300 dei servizi, dell\u2019integrita\u0300 patrimonio)<\/li><\/ul><h6>\u00a0<\/h6><h6>BASE GIURIDICA<\/h6><p>Il conferimento dei dati e\u0300 obbligatorio per tutto quanto e\u0300 richiesto dagli obblighi legali e contrattuali e pertanto l\u2019eventuale rifiuto a fornirli in tutto o in parte puo\u0300 dar luogo all\u2019impossibilita\u0300 di fornire i servizi richiesti.<br \/>La societa\u0300 tratta i dati facoltativi degli utenti in base al consenso, ossia mediante l\u2019approvazione esplicita della presente policy privacy e in relazione alle modalita\u0300 e finalita\u0300 di seguito descritte.<\/p><h6>CATEGORIE DI DESTINATARI<\/h6><p>Ferme restando le comunicazioni eseguite in adempimento di obblighi di legge e contrattuali, tutti i dati raccolti ed elaborati potranno essere comunicati esclusivamente per le finalita\u0300 sopra specificate alle seguenti categorie di interessati:<\/p><ul><li>Clienti ed utenti;<\/li><li>Consulenti e liberi professionisti anche in forma associata;<\/li><li>ISTAT;<\/li><li>Persone autorizzate;<\/li><li>Autorita\u0300 di pubblica sicurezza<\/li><\/ul><p>Nella gestione dei suoi dati, inoltre, possono venirne a conoscenza dipendenti e consulenti nominati dal titolare del trattamento, come persone autorizzate e\/o responsabili esterni, ai quali sono state fornite specifiche istruzioni circa il trattamento.<\/p><h6>PERIODO DI CONSERVAZIONE<\/h6><p>I dati obbligatori ai fini contrattuali e contabili sono conservati per il tempo necessario allo svolgimento del rapporto commerciale e contabile.<br \/>I dati di chi non acquista o usufruisce di prodotti\/servizi, pur avendo avuto un precedente contatto con dei rappresentanti dell\u2019azienda, saranno immediatamente cancellati o trattati in forma anonima, ove la loro conservazione non risulti altrimenti giustificata, salvo che sia stato acquisito validamente il consenso informato degli interessati relativo ad una successiva attivita\u0300 di promozione commerciale o ricerca di mercato.<br \/>I dati saranno trattati per tutto il tempo necessario allo svolgimento del rapporto commerciale in essere e per i successivi dieci anni dalla data di acquisizione degli stessi.<\/p><h6>DIRITTI DELL\u2019INTERESSATO<\/h6><p>Ai sensi del Regolamento europeo 679\/2016 (GDPR) e della normativa nazionale, l\u2019interessato puo\u0300, secondo le modalita\u0300 e nei limiti previsti dalla vigente normativa, esercitare i seguenti diritti:<\/p><ul><li>Richiedere la conferma dell\u2019esistenza di dati personali che lo riguardano (diritto di accesso);<\/li><li>Conoscerne l\u2019origine;<\/li><li>Riceverne comunicazione intelligibile;<\/li><li>Avere informazioni circa la logica, le modalita\u0300 e le finalita\u0300 del trattamento;<\/li><li>Richiederne l\u2019aggiornamento, la rettifica, l\u2019integrazione, la cancellazione, la trasformazione in forma anonima, il blocco dei dati trattati in violazione di legge, ivi compresi quelli non piu\u0300 necessari al perseguimento degli scopi per i quali sono stati raccolti;<\/li><li>Diritto di limitazione e\/o di opposizione al trattamento dei dati che lo riguardano;<\/li><li>Diritto di revoca;<\/li><li>Diritto alla portabilita\u0300 dei dati;<\/li><li>Nei casi di trattamento basato su consenso, ricevere i propri dati forniti al titolare, in forma<br \/>strutturata e leggibile da un elaboratore di dati e in un formato comunemente usato da un<br \/>dispositivo elettronico;<\/li><li>Il diritto di presentare un reclamo all\u2019autorita\u0300 di controllo.<\/li><\/ul><p>Le ricordiamo che in qualunque momento puo\u0300 esercitare i suoi diritti di cui agli artt. 15 e ss. del regolamento UE 2016\/679, modificare dati o aggiornare i consensi rilasciati scrivendo a HOTEL ERICA S.A.S. in Loc. Stava, 1 \u2013 38038 Tesero (TN).<br \/>Titolare del trattamento dei Suoi dati personali e\u0300 HOTEL ERICA S.A.S., P.IVA: 01937220224, nella persona del Sig.ra Mich Anna, C.F. MCHNNA58A56C372D.<\/p><p>La presente privacy policy puo\u0300 subire modifiche nel tempo \u2013 anche connesse all\u2019eventuale entrata in vigore di nuove normative di settore, all\u2019aggiornamento o erogazione di nuovi servizi ovvero ad intervenute innovazioni tecnologiche \u2013 per cui l\u2019utente\/visitatore e\u0300 invitato a consultare periodicamente questa pagina wellnesshotelfiemme.com<\/p><p><strong>REAL COOKIE BANNER<\/strong><\/p><p>Per gestire i cookie e le tecnologie simili utilizzate (pixel di tracciamento, web beacon, ecc.) e i relativi consensi, utilizziamo lo strumento di consenso &#8222;Real Cookie Banner&#8220;. I dettagli sul funzionamento di &#8222;Real Cookie Banner&#8220; sono disponibili all&#8217;indirizzo <a href=\"https:\/\/devowl.io\/rcb\/data-processing\/\" target=\"_blank\" rel=\"noopener\">devowl.io\/rcb\/data-processing<\/a><\/p><p>La base giuridica per il trattamento dei dati personali in questo contesto \u00e8 l&#8217;art. 6 (1) (c) GDPR e l&#8217;art. 6 (1) (f) GDPR. Il nostro legittimo interesse \u00e8 la gestione dei cookie e delle tecnologie simili utilizzate e dei relativi consensi.<\/p><p>La fornitura di dati personali non \u00e8 n\u00e9 contrattualmente richiesta n\u00e9 necessaria per la conclusione di un contratto. Non sei obbligato a fornire i dati personali. Se non fornisci i dati personali, non saremo in grado di gestire i tuoi consensi.<\/p>\t\t\t\t\t\t\t\t<\/div>\n\t\t\t\t<\/div>\n\t\t\t\t<\/div>\n\t\t\t\t\t<\/div>\n\t\t\t\t<\/div>\n\t\t\t\t\t<\/div>\n\t\t\t\t<\/div>\n\t\t\t\t<\/div>\n\t\t","protected":false},"excerpt":{"rendered":"<p>La tua privacy \u00e8 importante I dati personali dell\u2019utente sono utilizzati da HOTEL ERICA S.A.S., che ne e\u0300 titolare per il trattamento, nel rispetto dei principi di protezione dei dati personali stabiliti dal Regolamento GDPR 2016\/679. MODALITA\u0300 E FINALITA\u0300 DEL TRATTAMENTO DATI La informiamo che i dati verranno trattati attraverso il supporto di mezzi elettronici [&hellip;]<\/p>\n","protected":false},"author":1,"featured_media":0,"parent":0,"menu_order":0,"comment_status":"closed","ping_status":"closed","template":"","meta":{"footnotes":""},"class_list":["post-9862","page","type-page","status-publish","hentry"],"yoast_head":"<!-- This site is optimized with the Yoast SEO plugin v27.3 - https:\/\/yoast.com\/product\/yoast-seo-wordpress\/ -->\n<title>Privacy policy - Wellness Hotel Erica<\/title>\n<meta name=\"robots\" content=\"index, follow, max-snippet:-1, max-image-preview:large, max-video-preview:-1\" \/>\n<link rel=\"canonical\" href=\"https:\/\/wellnesshotelfiemme.com\/de\/privacy-policy\/\" \/>\n<meta property=\"og:locale\" content=\"de_DE\" \/>\n<meta property=\"og:type\" content=\"article\" \/>\n<meta property=\"og:title\" content=\"Privacy policy - Wellness Hotel Erica\" \/>\n<meta property=\"og:description\" content=\"La tua privacy \u00e8 importante I dati personali dell\u2019utente sono utilizzati da HOTEL ERICA S.A.S., che ne e\u0300 titolare per il trattamento, nel rispetto dei principi di protezione dei dati personali stabiliti dal Regolamento GDPR 2016\/679. MODALITA\u0300 E FINALITA\u0300 DEL TRATTAMENTO DATI La informiamo che i dati verranno trattati attraverso il supporto di mezzi elettronici [&hellip;]\" \/>\n<meta property=\"og:url\" content=\"https:\/\/wellnesshotelfiemme.com\/de\/privacy-policy\/\" \/>\n<meta property=\"og:site_name\" content=\"Wellness Hotel Erica\" \/>\n<meta property=\"article:publisher\" content=\"https:\/\/www.facebook.com\/hotelericafreedominthealps\/\" \/>\n<meta name=\"twitter:card\" content=\"summary_large_image\" \/>\n<script type=\"application\/ld+json\" class=\"yoast-schema-graph\">{\"@context\":\"https:\\\/\\\/schema.org\",\"@graph\":[{\"@type\":\"WebPage\",\"@id\":\"https:\\\/\\\/wellnesshotelfiemme.com\\\/de\\\/privacy-policy\\\/\",\"url\":\"https:\\\/\\\/wellnesshotelfiemme.com\\\/de\\\/privacy-policy\\\/\",\"name\":\"Privacy policy - Wellness Hotel Erica\",\"isPartOf\":{\"@id\":\"https:\\\/\\\/wellnesshotelfiemme.com\\\/#website\"},\"datePublished\":\"2024-09-17T17:23:52+00:00\",\"breadcrumb\":{\"@id\":\"https:\\\/\\\/wellnesshotelfiemme.com\\\/de\\\/privacy-policy\\\/#breadcrumb\"},\"inLanguage\":\"de\",\"potentialAction\":[{\"@type\":\"ReadAction\",\"target\":[\"https:\\\/\\\/wellnesshotelfiemme.com\\\/de\\\/privacy-policy\\\/\"]}]},{\"@type\":\"BreadcrumbList\",\"@id\":\"https:\\\/\\\/wellnesshotelfiemme.com\\\/de\\\/privacy-policy\\\/#breadcrumb\",\"itemListElement\":[{\"@type\":\"ListItem\",\"position\":1,\"name\":\"Home\",\"item\":\"https:\\\/\\\/wellnesshotelfiemme.com\\\/de\\\/\"},{\"@type\":\"ListItem\",\"position\":2,\"name\":\"Privacy policy\"}]},{\"@type\":\"WebSite\",\"@id\":\"https:\\\/\\\/wellnesshotelfiemme.com\\\/#website\",\"url\":\"https:\\\/\\\/wellnesshotelfiemme.com\\\/\",\"name\":\"Wellness Hotel Erica\",\"description\":\"\",\"publisher\":{\"@id\":\"https:\\\/\\\/wellnesshotelfiemme.com\\\/#organization\"},\"potentialAction\":[{\"@type\":\"SearchAction\",\"target\":{\"@type\":\"EntryPoint\",\"urlTemplate\":\"https:\\\/\\\/wellnesshotelfiemme.com\\\/?s={search_term_string}\"},\"query-input\":{\"@type\":\"PropertyValueSpecification\",\"valueRequired\":true,\"valueName\":\"search_term_string\"}}],\"inLanguage\":\"de\"},{\"@type\":\"Organization\",\"@id\":\"https:\\\/\\\/wellnesshotelfiemme.com\\\/#organization\",\"name\":\"Wellness Hotel Erica\",\"url\":\"https:\\\/\\\/wellnesshotelfiemme.com\\\/\",\"logo\":{\"@type\":\"ImageObject\",\"inLanguage\":\"de\",\"@id\":\"https:\\\/\\\/wellnesshotelfiemme.com\\\/#\\\/schema\\\/logo\\\/image\\\/\",\"url\":\"https:\\\/\\\/wellnesshotelfiemme.com\\\/wp-content\\\/uploads\\\/2024\\\/03\\\/Hotel_Erica_logo.webp\",\"contentUrl\":\"https:\\\/\\\/wellnesshotelfiemme.com\\\/wp-content\\\/uploads\\\/2024\\\/03\\\/Hotel_Erica_logo.webp\",\"width\":340,\"height\":165,\"caption\":\"Wellness Hotel Erica\"},\"image\":{\"@id\":\"https:\\\/\\\/wellnesshotelfiemme.com\\\/#\\\/schema\\\/logo\\\/image\\\/\"},\"sameAs\":[\"https:\\\/\\\/www.facebook.com\\\/hotelericafreedominthealps\\\/\",\"https:\\\/\\\/www.instagram.com\\\/hotel_erica_freedominthealps\\\/freedominthealps\\\/\"]}]}<\/script>\n<!-- \/ Yoast SEO plugin. -->","yoast_head_json":{"title":"Privacy policy - Wellness Hotel Erica","robots":{"index":"index","follow":"follow","max-snippet":"max-snippet:-1","max-image-preview":"max-image-preview:large","max-video-preview":"max-video-preview:-1"},"canonical":"https:\/\/wellnesshotelfiemme.com\/de\/privacy-policy\/","og_locale":"de_DE","og_type":"article","og_title":"Privacy policy - Wellness Hotel Erica","og_description":"La tua privacy \u00e8 importante I dati personali dell\u2019utente sono utilizzati da HOTEL ERICA S.A.S., che ne e\u0300 titolare per il trattamento, nel rispetto dei principi di protezione dei dati personali stabiliti dal Regolamento GDPR 2016\/679. MODALITA\u0300 E FINALITA\u0300 DEL TRATTAMENTO DATI La informiamo che i dati verranno trattati attraverso il supporto di mezzi elettronici [&hellip;]","og_url":"https:\/\/wellnesshotelfiemme.com\/de\/privacy-policy\/","og_site_name":"Wellness Hotel Erica","article_publisher":"https:\/\/www.facebook.com\/hotelericafreedominthealps\/","twitter_card":"summary_large_image","schema":{"@context":"https:\/\/schema.org","@graph":[{"@type":"WebPage","@id":"https:\/\/wellnesshotelfiemme.com\/de\/privacy-policy\/","url":"https:\/\/wellnesshotelfiemme.com\/de\/privacy-policy\/","name":"Privacy policy - Wellness Hotel Erica","isPartOf":{"@id":"https:\/\/wellnesshotelfiemme.com\/#website"},"datePublished":"2024-09-17T17:23:52+00:00","breadcrumb":{"@id":"https:\/\/wellnesshotelfiemme.com\/de\/privacy-policy\/#breadcrumb"},"inLanguage":"de","potentialAction":[{"@type":"ReadAction","target":["https:\/\/wellnesshotelfiemme.com\/de\/privacy-policy\/"]}]},{"@type":"BreadcrumbList","@id":"https:\/\/wellnesshotelfiemme.com\/de\/privacy-policy\/#breadcrumb","itemListElement":[{"@type":"ListItem","position":1,"name":"Home","item":"https:\/\/wellnesshotelfiemme.com\/de\/"},{"@type":"ListItem","position":2,"name":"Privacy policy"}]},{"@type":"WebSite","@id":"https:\/\/wellnesshotelfiemme.com\/#website","url":"https:\/\/wellnesshotelfiemme.com\/","name":"Wellness Hotel Erica","description":"","publisher":{"@id":"https:\/\/wellnesshotelfiemme.com\/#organization"},"potentialAction":[{"@type":"SearchAction","target":{"@type":"EntryPoint","urlTemplate":"https:\/\/wellnesshotelfiemme.com\/?s={search_term_string}"},"query-input":{"@type":"PropertyValueSpecification","valueRequired":true,"valueName":"search_term_string"}}],"inLanguage":"de"},{"@type":"Organization","@id":"https:\/\/wellnesshotelfiemme.com\/#organization","name":"Wellness Hotel Erica","url":"https:\/\/wellnesshotelfiemme.com\/","logo":{"@type":"ImageObject","inLanguage":"de","@id":"https:\/\/wellnesshotelfiemme.com\/#\/schema\/logo\/image\/","url":"https:\/\/wellnesshotelfiemme.com\/wp-content\/uploads\/2024\/03\/Hotel_Erica_logo.webp","contentUrl":"https:\/\/wellnesshotelfiemme.com\/wp-content\/uploads\/2024\/03\/Hotel_Erica_logo.webp","width":340,"height":165,"caption":"Wellness Hotel Erica"},"image":{"@id":"https:\/\/wellnesshotelfiemme.com\/#\/schema\/logo\/image\/"},"sameAs":["https:\/\/www.facebook.com\/hotelericafreedominthealps\/","https:\/\/www.instagram.com\/hotel_erica_freedominthealps\/freedominthealps\/"]}]}},"meta_box":[],"_links":{"self":[{"href":"https:\/\/wellnesshotelfiemme.com\/de\/wp-json\/wp\/v2\/pages\/9862","targetHints":{"allow":["GET"]}}],"collection":[{"href":"https:\/\/wellnesshotelfiemme.com\/de\/wp-json\/wp\/v2\/pages"}],"about":[{"href":"https:\/\/wellnesshotelfiemme.com\/de\/wp-json\/wp\/v2\/types\/page"}],"author":[{"embeddable":true,"href":"https:\/\/wellnesshotelfiemme.com\/de\/wp-json\/wp\/v2\/users\/1"}],"replies":[{"embeddable":true,"href":"https:\/\/wellnesshotelfiemme.com\/de\/wp-json\/wp\/v2\/comments?post=9862"}],"version-history":[{"count":0,"href":"https:\/\/wellnesshotelfiemme.com\/de\/wp-json\/wp\/v2\/pages\/9862\/revisions"}],"wp:attachment":[{"href":"https:\/\/wellnesshotelfiemme.com\/de\/wp-json\/wp\/v2\/media?parent=9862"}],"curies":[{"name":"wp","href":"https:\/\/api.w.org\/{rel}","templated":true}]}}